{"id":3350,"date":"2025-11-30T14:47:06","date_gmt":"2025-11-30T13:47:06","guid":{"rendered":"https:\/\/camping-astrid.be\/umgebung\/"},"modified":"2026-01-15T10:45:38","modified_gmt":"2026-01-15T09:45:38","slug":"umgebung","status":"publish","type":"page","link":"https:\/\/camping-astrid.be\/de\/umgebung\/","title":{"rendered":"Umgebung"},"content":{"rendered":"\t\t<div data-elementor-type=\"wp-page\" data-elementor-id=\"3350\" class=\"elementor elementor-3350 elementor-1869\" data-elementor-post-type=\"page\">\n\t\t\t\t<div class=\"elementor-element elementor-element-3a2b392 e-flex e-con-boxed e-con e-parent\" data-id=\"3a2b392\" data-element_type=\"container\" data-e-type=\"container\">\n\t\t\t\t\t<div class=\"e-con-inner\">\n\t\t<div class=\"elementor-element elementor-element-f8fd1dd e-con-full e-flex e-con e-child\" data-id=\"f8fd1dd\" data-element_type=\"container\" data-e-type=\"container\" data-settings=\"{&quot;background_background&quot;:&quot;classic&quot;}\">\n\t\t<div class=\"elementor-element elementor-element-3215c9c animated-fast e-con-full e-flex elementor-invisible e-con e-child\" data-id=\"3215c9c\" data-element_type=\"container\" data-e-type=\"container\" data-settings=\"{&quot;animation&quot;:&quot;fadeIn&quot;,&quot;animation_delay&quot;:500}\">\n\t\t\t\t<div class=\"elementor-element elementor-element-6cedb71 elementor-widget elementor-widget-heading\" data-id=\"6cedb71\" data-element_type=\"widget\" data-e-type=\"widget\" data-widget_type=\"heading.default\">\n\t\t\t\t\t<h2 class=\"elementor-heading-title elementor-size-default\">Umgebung<\/h2>\t\t\t\t<\/div>\n\t\t\t\t<\/div>\n\t\t\t\t<\/div>\n\t\t\t\t\t<\/div>\n\t\t\t\t<\/div>\n\t\t<div class=\"elementor-element elementor-element-1dad69c e-flex e-con-boxed e-con e-parent\" data-id=\"1dad69c\" data-element_type=\"container\" data-e-type=\"container\" data-settings=\"{&quot;background_background&quot;:&quot;classic&quot;}\">\n\t\t\t\t\t<div class=\"e-con-inner\">\n\t\t<div class=\"elementor-element elementor-element-ffb95ac animated-fast e-con-full e-flex elementor-invisible e-con e-child\" data-id=\"ffb95ac\" data-element_type=\"container\" data-e-type=\"container\" data-settings=\"{&quot;animation&quot;:&quot;fadeIn&quot;,&quot;animation_delay&quot;:500}\">\n\t\t\t\t<div class=\"elementor-element elementor-element-d8d7cc3 elementor-widget elementor-widget-text-editor\" data-id=\"d8d7cc3\" data-element_type=\"widget\" data-e-type=\"widget\" data-widget_type=\"text-editor.default\">\n\t\t\t\t\t\t\t\t\t<p dir=\"auto\">In der Umgebung finden Sie zahlreiche Freizeitm\u00f6glichkeiten: die sch\u00f6nsten D\u00fcnen der belgischen K\u00fcste, viele Gesch\u00e4fte und einen Wochenmarkt. Eine Haltestelle der \u00f6ffentlichen Verkehrsmittel ist zu Fu\u00df erreichbar und bringt Sie \u00fcberall hin. Bredene hat nicht nur einen wundersch\u00f6nen Strand, sondern ist auch der ideale Ausgangspunkt f\u00fcr all Ihre Ausfl\u00fcge. Auf Camping Astrid wird es Ihnen nie langweilig, denn im Sommer organisieren wir zahlreiche Aktivit\u00e4ten f\u00fcr Erwachsene, Kinder und die Kleinsten.   <\/p>\t\t\t\t\t\t\t\t<\/div>\n\t\t\t\t<\/div>\n\t\t\t\t\t<\/div>\n\t\t\t\t<\/div>\n\t\t<div class=\"elementor-element elementor-element-a41a0ee e-flex e-con-boxed e-con e-parent\" data-id=\"a41a0ee\" data-element_type=\"container\" data-e-type=\"container\">\n\t\t\t\t\t<div class=\"e-con-inner\">\n\t\t\t\t<div class=\"elementor-element elementor-element-a4cd39e elementor-position-left elementor-vertical-align-middle elementor-widget elementor-widget-image-box\" data-id=\"a4cd39e\" data-element_type=\"widget\" data-e-type=\"widget\" data-widget_type=\"image-box.default\">\n\t\t\t\t\t<div class=\"elementor-image-box-wrapper\"><figure class=\"elementor-image-box-img\"><a href=\"https:\/\/www.bellewaerde.be\/nl\" tabindex=\"-1\"><img fetchpriority=\"high\" decoding=\"async\" width=\"300\" height=\"205\" src=\"https:\/\/camping-astrid.be\/wp-content\/uploads\/2025\/12\/bellewaerde_logo-300x205-1.png\" class=\"attachment-medium_large size-medium_large wp-image-3351\" alt=\"\" \/><\/a><\/figure><div class=\"elementor-image-box-content\"><h3 class=\"elementor-image-box-title\"><a href=\"https:\/\/www.bellewaerde.be\/nl\">Bellewaerde Park<\/a><\/h3><p class=\"elementor-image-box-description\">Der Bellewaerde Park in Ypern ist seit \u00fcber 50 Jahren eine feste Gr\u00f6\u00dfe in Belgien, wenn es um einen unvergesslichen Tagesausflug mit der ganzen Familie geht. Jung und Alt k\u00f6nnen sich bei den vielen Attraktionen des Familienparks austoben: von atemberaubenden exotischen Tieren bis hin zu Achterbahnen und Wildwasserbahnen. \n<br><br>Der Park investiert jedes Jahr in Neuheiten und optimiert fortlaufend seine Einrichtungen. Ein internationales Publikum findet problemlos den Weg in diesen Freizeitpark, und das aus gutem Grund. Sie k\u00f6nnen hier einen Tagesausflug mit der Familie unternehmen, aber auch einen Betriebsausflug mit Kollegen.  \n<br><br><strong>\n   <a href=\"https:\/\/www.bellewaerde.be\/nl\" style=\"text-decoration: underline;color: #444444\">\n Bellewaerde Park\n  <\/a>\n - Meenseweg 497 - 8902 Ieper\n<\/strong><\/p><\/div><\/div>\t\t\t\t<\/div>\n\t\t\t\t\t<\/div>\n\t\t\t\t<\/div>\n\t\t<div class=\"elementor-element elementor-element-c153940 e-flex e-con-boxed e-con e-parent\" data-id=\"c153940\" data-element_type=\"container\" data-e-type=\"container\">\n\t\t\t\t\t<div class=\"e-con-inner\">\n\t\t\t\t<div class=\"elementor-element elementor-element-59df2b3 elementor-position-left elementor-vertical-align-middle elementor-widget elementor-widget-image-box\" data-id=\"59df2b3\" data-element_type=\"widget\" data-e-type=\"widget\" data-widget_type=\"image-box.default\">\n\t\t\t\t\t<div class=\"elementor-image-box-wrapper\"><figure class=\"elementor-image-box-img\"><a href=\"https:\/\/www.boudewijnseapark.be\/\" tabindex=\"-1\"><img decoding=\"async\" width=\"300\" height=\"205\" src=\"https:\/\/camping-astrid.be\/wp-content\/uploads\/2025\/12\/boudewijn-seapark-logo.jpg\" class=\"attachment-medium_large size-medium_large wp-image-3354\" alt=\"\" \/><\/a><\/figure><div class=\"elementor-image-box-content\"><h3 class=\"elementor-image-box-title\"><a href=\"https:\/\/www.boudewijnseapark.be\/\">Boudewijn Seapark<\/a><\/h3><p class=\"elementor-image-box-description\">Delfine, Robben, Seel\u00f6wen oder Raubv\u00f6gel. Im Boudewijn Seapark finden Sie sie alle. Bewundern Sie diese wundersch\u00f6nen Tiere in einer der vielen Shows, die Sie t\u00e4glich besuchen k\u00f6nnen.  \n<br><br>\nDer Boudewijn Seapark liegt knapp 2 Kilometer vom Bahnhof Br\u00fcgge entfernt. Der Park ist auch mit dem Fahrrad oder Auto leicht zu erreichen. Am Eingang befindet sich ein ger\u00e4umiger Fahrradabstellplatz. Autofahrer k\u00f6nnen ihr Auto auf einem asphaltierten Parkplatz abstellen.   \n<br><br><strong>\n   <a href=\"https:\/\/www.boudewijnseapark.be\/\" style=\"text-decoration: underline;color: #444444\">\n Boudewijn Seapark Br\u00fcgge\n  <\/a>\n - Alphonse de Baeckestraat 12 - 8200 Sint-Michiels\n<\/strong><\/p><\/div><\/div>\t\t\t\t<\/div>\n\t\t\t\t\t<\/div>\n\t\t\t\t<\/div>\n\t\t<div class=\"elementor-element elementor-element-86b4117 e-flex e-con-boxed e-con e-parent\" data-id=\"86b4117\" data-element_type=\"container\" data-e-type=\"container\">\n\t\t\t\t\t<div class=\"e-con-inner\">\n\t\t\t\t<div class=\"elementor-element elementor-element-91b239c elementor-position-left elementor-vertical-align-middle elementor-widget elementor-widget-image-box\" data-id=\"91b239c\" data-element_type=\"widget\" data-e-type=\"widget\" data-widget_type=\"image-box.default\">\n\t\t\t\t\t<div class=\"elementor-image-box-wrapper\"><figure class=\"elementor-image-box-img\"><a href=\"https:\/\/www.plopsa.com\/nl\/plopsaland-belgium\" tabindex=\"-1\"><img decoding=\"async\" width=\"300\" height=\"205\" src=\"https:\/\/camping-astrid.be\/wp-content\/uploads\/2025\/12\/plopsaland.jpg\" class=\"attachment-medium_large size-medium_large wp-image-3362\" alt=\"\" \/><\/a><\/figure><div class=\"elementor-image-box-content\"><h3 class=\"elementor-image-box-title\"><a href=\"https:\/\/www.plopsa.com\/nl\/plopsaland-belgium\">Plopsaland<\/a><\/h3><p class=\"elementor-image-box-description\">Die Kinder werden einen unvergesslichen Tag im Plopsaland erleben: der Heimat von Samson &amp; Gert, Piet Pieraat und Mega Mindy. Die Kleinsten k\u00f6nnen sich bei den vielen Attraktionen austoben oder bei einer der vielen Shows, die t\u00e4glich gegeben werden, schallend lachen. \n<br><br>Plopsaland ist f\u00fcr Rollstuhlfahrer gut zug\u00e4nglich. Es gibt spezielle Einrichtungen f\u00fcr sie. Rollst\u00fchle werden nach rechtzeitiger Reservierung kostenlos am Empfang zur Verf\u00fcgung gestellt. Es gibt eine \u00fcberdachte Picknickzone am Hauptbahnhof. Dort stehen auch kostenlose Schlie\u00dff\u00e4cher f\u00fcr Gruppen zur Verf\u00fcgung. Die Rezeption (Empfang) hilft Ihnen gerne weiter.     \n<br><br><strong>\n   <a href=\"https:\/\/www.visitbruges.be\/nl\/\" style=\"text-decoration: underline;color: #444444\">\n Plopsaland\n  <\/a>\n - De Pannelaan 68 - 8660 De Panne (Adinkerke)\n<\/strong><\/p><\/div><\/div>\t\t\t\t<\/div>\n\t\t\t\t\t<\/div>\n\t\t\t\t<\/div>\n\t\t<div class=\"elementor-element elementor-element-ea25e39 e-flex e-con-boxed e-con e-parent\" data-id=\"ea25e39\" data-element_type=\"container\" data-e-type=\"container\">\n\t\t\t\t\t<div class=\"e-con-inner\">\n\t\t\t\t<div class=\"elementor-element elementor-element-1e14952 elementor-position-left elementor-vertical-align-middle elementor-widget elementor-widget-image-box\" data-id=\"1e14952\" data-element_type=\"widget\" data-e-type=\"widget\" data-widget_type=\"image-box.default\">\n\t\t\t\t\t<div class=\"elementor-image-box-wrapper\"><figure class=\"elementor-image-box-img\"><a href=\"https:\/\/www.seafront.be\/\" tabindex=\"-1\"><img loading=\"lazy\" decoding=\"async\" width=\"300\" height=\"205\" src=\"https:\/\/camping-astrid.be\/wp-content\/uploads\/2025\/12\/seafront-opt.jpg\" class=\"attachment-medium_large size-medium_large wp-image-3355\" alt=\"\" \/><\/a><\/figure><div class=\"elementor-image-box-content\"><h3 class=\"elementor-image-box-title\"><a href=\"https:\/\/www.seafront.be\/\">Seafront<\/a><\/h3><p class=\"elementor-image-box-description\">Obwohl die Fischauktion inzwischen seit einem guten Jahrzehnt in einen brandneuen Komplex im Hinterhafen umgezogen ist und so Platz f\u00fcr den maritimen Themenpark Seafront geschaffen hat, bleibt die volkst\u00fcmliche Atmosph\u00e4re rund um dieses alte Fischerdock unangetastet. Heute liegen Fischkutter und gl\u00e4nzende Yachten ordentlich am selben Kai. \n<br><br>Im riesigen Geb\u00e4ude der Alten Fischauktion entdecken Sie die Geheimnisse des Meeres und erleben die reiche Fischereigeschichte. Sie begeben sich an Bord eines echten russischen U-Boots auf eine geheime Mission und stehen am Ruder des ehemaligen Feuerschiffs West-Hinder. \n<br><br><strong>\n   <a href=\"https:\/\/www.seafront.be\/\/\" style=\"text-decoration: underline;color: #444444\">\n Seafront\n  <\/a>\n - Vismijnstraat 7 - 8380 Zeebrugge\n<\/strong><\/p><\/div><\/div>\t\t\t\t<\/div>\n\t\t\t\t\t<\/div>\n\t\t\t\t<\/div>\n\t\t<div class=\"elementor-element elementor-element-8a2ddd4 e-flex e-con-boxed e-con e-parent\" data-id=\"8a2ddd4\" data-element_type=\"container\" data-e-type=\"container\">\n\t\t\t\t\t<div class=\"e-con-inner\">\n\t\t\t\t<div class=\"elementor-element elementor-element-1e2d778 elementor-position-left elementor-vertical-align-middle elementor-widget elementor-widget-image-box\" data-id=\"1e2d778\" data-element_type=\"widget\" data-e-type=\"widget\" data-widget_type=\"image-box.default\">\n\t\t\t\t\t<div class=\"elementor-image-box-wrapper\"><figure class=\"elementor-image-box-img\"><a href=\"https:\/\/www.visitsealife.com\/blankenberge\/\" tabindex=\"-1\"><img loading=\"lazy\" decoding=\"async\" width=\"300\" height=\"205\" src=\"https:\/\/camping-astrid.be\/wp-content\/uploads\/2025\/12\/Sealife-opt.jpg\" class=\"attachment-medium_large size-medium_large wp-image-3356\" alt=\"\" \/><\/a><\/figure><div class=\"elementor-image-box-content\"><h3 class=\"elementor-image-box-title\"><a href=\"https:\/\/www.visitsealife.com\/blankenberge\/\">Sealife Blankenberge<\/a><\/h3><p class=\"elementor-image-box-description\">Mehr als 50 Aquarien zeigen die geheimnisvolle Unterwasserwelt: von spektakul\u00e4ren Haien im Haitunnel, ber\u00fcchtigten Piranhas, dem nationalen Zuchtprogramm f\u00fcr Seepferdchen bis hin zu einer wundersch\u00f6nen Meeresschildkr\u00f6te, einzigartig in Belgien!\nSie stehen Auge in Auge mit den gr\u00f6\u00dften Spinnenkrabben der Welt und im interaktiven Touchpool k\u00f6nnen Sie die Tiere sogar ber\u00fchren.\n<br><br>Im gro\u00dfen Au\u00dfenbereich lernen Sie au\u00dferdem verr\u00fcckte Humboldt-Pinguine, verspielte Otter und imposante Seel\u00f6wen kennen. Dort k\u00f6nnen Sie auch unsere Robben und Seel\u00f6wen wiederfinden. Mit mehr als 2500 Tieren bietet SEA LIFE einen wundersch\u00f6nen Querschnitt der 7 Weltmeere.  \n<br><br><strong>\n   <a href=\"https:\/\/www.visitsealife.com\/blankenberge\/\" style=\"text-decoration: underline;color: #444444\">\n Sealife\n  <\/a>\n - Koning Albert I laan 116 - 8370 Blankenberge\n<\/strong><\/p><\/div><\/div>\t\t\t\t<\/div>\n\t\t\t\t\t<\/div>\n\t\t\t\t<\/div>\n\t\t<div class=\"elementor-element elementor-element-1026af8 e-flex e-con-boxed e-con e-parent\" data-id=\"1026af8\" data-element_type=\"container\" data-e-type=\"container\">\n\t\t\t\t\t<div class=\"e-con-inner\">\n\t\t\t\t<div class=\"elementor-element elementor-element-ccbde77 elementor-position-left elementor-vertical-align-middle elementor-widget elementor-widget-image-box\" data-id=\"ccbde77\" data-element_type=\"widget\" data-e-type=\"widget\" data-widget_type=\"image-box.default\">\n\t\t\t\t\t<div class=\"elementor-image-box-wrapper\"><figure class=\"elementor-image-box-img\"><a href=\"https:\/\/www.raversyde.be\/nl\" tabindex=\"-1\"><img loading=\"lazy\" decoding=\"async\" width=\"300\" height=\"205\" src=\"https:\/\/camping-astrid.be\/wp-content\/uploads\/2025\/12\/atlantikwall-opt.jpg\" class=\"attachment-medium_large size-medium_large wp-image-3357\" alt=\"\" \/><\/a><\/figure><div class=\"elementor-image-box-content\"><h3 class=\"elementor-image-box-title\"><a href=\"https:\/\/www.raversyde.be\/nl\">Atlantikwall Raversyde<\/a><\/h3><p class=\"elementor-image-box-description\">Das Provinzgut Raversijde wurde 1988 gegr\u00fcndet und wird noch immer weiter ausgebaut.\nDer Kern wird durch das ehemalige K\u00f6nigliche Gut von Leopold II. gebildet, der ab 1902 eine Reihe von Grundst\u00fccken in Raversijde erwarb und dort eine h\u00f6lzerne Unterkunft errichten lie\u00df. Dieses \u201eNorwegische Chalet\u201c wurde 1904 erbaut, verschwand aber bereits 1914, als die Deutschen das Gut zu einer K\u00fcstenbefestigung ausbauten.  \n<br><br>Auch im Zweiten Weltkrieg wurde das Gut in den allseits bekannten \u201eAtlantikwall\u201c einbezogen. Diese Ereignisse haben vor Ort tiefe Spuren hinterlassen. Nach der Regentschaft lie\u00df sich Prinz Karl endg\u00fcltig in Raversijde nieder. 1981 verkaufte er sein Gut an den belgischen Staat. Durch eine au\u00dfergew\u00f6hnliche Zusammenarbeit zwischen der Fl\u00e4mischen Gemeinschaft, der Regie der Geb\u00e4ude und der Provinzverwaltung wurde das ehemalige K\u00f6nigliche Gut in seinem fr\u00fcheren Zustand wiederhergestellt, erheblich erweitert und der \u00d6ffentlichkeit zug\u00e4nglich gemacht.    \n<br><br><strong>\n   <a href=\"https:\/\/www.raversyde.be\/nl\/\" style=\"text-decoration: underline;color: #444444\">\n Atlantikwall Raversyde\n  <\/a>\n - Nieuwpoortsesteenweg 636 - 8400 Oostende\n<\/strong><\/p><\/div><\/div>\t\t\t\t<\/div>\n\t\t\t\t\t<\/div>\n\t\t\t\t<\/div>\n\t\t<div class=\"elementor-element elementor-element-971e517 e-flex e-con-boxed e-con e-parent\" data-id=\"971e517\" data-element_type=\"container\" data-e-type=\"container\">\n\t\t\t\t\t<div class=\"e-con-inner\">\n\t\t\t\t<div class=\"elementor-element elementor-element-7797d1a elementor-position-left elementor-vertical-align-middle elementor-widget elementor-widget-image-box\" data-id=\"7797d1a\" data-element_type=\"widget\" data-e-type=\"widget\" data-widget_type=\"image-box.default\">\n\t\t\t\t\t<div class=\"elementor-image-box-wrapper\"><figure class=\"elementor-image-box-img\"><a href=\"https:\/\/www.bredene.be\/\" tabindex=\"-1\"><img loading=\"lazy\" decoding=\"async\" width=\"300\" height=\"205\" src=\"https:\/\/camping-astrid.be\/wp-content\/uploads\/2025\/12\/bredenelogo-opt.jpg\" class=\"attachment-medium_large size-medium_large wp-image-3358\" alt=\"\" \/><\/a><\/figure><div class=\"elementor-image-box-content\"><h3 class=\"elementor-image-box-title\"><a href=\"https:\/\/www.bredene.be\/\">Gemeinde Bredene<\/a><\/h3><p class=\"elementor-image-box-description\">Ob Sie nun auf der Suche nach einem unvergesslichen Urlaub oder einem Wochenende am Meer sind, in Bredene finden Sie sicher das, was Sie wollen. Bredene ist die einzige K\u00fcstengemeinde, in der die D\u00fcnen ungest\u00f6rt durch einen Deich in den feinen Sandstrand \u00fcbergehen.  \n<br><br>Im Sommer genie\u00dfen Sie das animierte Strandleben, aber auch au\u00dferhalb der Saison lockt das Spiel von Ebbe und Flut viele in unseren Badeort. Bredene hat auch als erste einen FKK-Strand. Die Lage am Fu\u00dfe eines gesch\u00fctzten D\u00fcnenreservats gew\u00e4hrleistet die Privatsph\u00e4re, so dass es auch kein Hindernis f\u00fcr diejenigen darstellt, die bekleidet an der Wasserlinie entlang schlendern m\u00f6chten.  \n<br><br><strong>\n   <a href=\"https:\/\/www.bredene.be\/\" style=\"text-decoration: underline;color: #444444\">\n Gemeente Bredene\n  <\/a>\n - Centrumplein 1 - 8450 Bredene\n<\/strong><\/p><\/div><\/div>\t\t\t\t<\/div>\n\t\t\t\t\t<\/div>\n\t\t\t\t<\/div>\n\t\t<div class=\"elementor-element elementor-element-7130bde e-flex e-con-boxed e-con e-parent\" data-id=\"7130bde\" data-element_type=\"container\" data-e-type=\"container\">\n\t\t\t\t\t<div class=\"e-con-inner\">\n\t\t\t\t<div class=\"elementor-element elementor-element-64634ba elementor-position-left elementor-vertical-align-middle elementor-widget elementor-widget-image-box\" data-id=\"64634ba\" data-element_type=\"widget\" data-e-type=\"widget\" data-widget_type=\"image-box.default\">\n\t\t\t\t\t<div class=\"elementor-image-box-wrapper\"><figure class=\"elementor-image-box-img\"><a href=\"https:\/\/www.dekust.be\/\" tabindex=\"-1\"><img loading=\"lazy\" decoding=\"async\" width=\"300\" height=\"205\" src=\"https:\/\/camping-astrid.be\/wp-content\/uploads\/2025\/12\/Logo_DeKust_Kleur_NL.jpg\" class=\"attachment-medium_large size-medium_large wp-image-3359\" alt=\"\" \/><\/a><\/figure><div class=\"elementor-image-box-content\"><h3 class=\"elementor-image-box-title\"><a href=\"https:\/\/www.dekust.be\/\">Die K\u00fcste<\/a><\/h3><p class=\"elementor-image-box-description\">Sich beim sanften Rauschen der Brandung wegtr\u00e4umen, mit Meerblick aufwachen und mit den F\u00fc\u00dfen im Sand fr\u00fchst\u00fccken\u2026 Unbezahlbar, aber doch nicht teuer! Von der salzigen Seeluft erholen Sie sich wieder. 1001 M\u00f6glichkeiten zum Wandern entlang der K\u00fcste! F\u00fcr Anf\u00e4nger und Fortgeschrittene. Zwischen De Panne und Knokke-Heist. \u00dcber befestigte und unbefestigte Wege. Entlang von Sandburgen und K\u00fcstenvillen. Mit Wanderschuhen oder Flip-Flops. Als Wanderung oder Spaziergang. Mit Wintergesichtern und Sommersprossen. In Bredene gibt es unz\u00e4hlige Sehensw\u00fcrdigkeiten wie Erholungsgebiete und Grasd\u00fcnen.          \n<br><br><strong>\n   <a href=\"https:\/\/www.dekust.be\/\" style=\"text-decoration: underline;color: #444444\">\n De Kust\n  <\/a>\n - Koning Albert I-laan 120 - 8200 Sint-Michiels (Brugge)\n<\/strong><\/p><\/div><\/div>\t\t\t\t<\/div>\n\t\t\t\t\t<\/div>\n\t\t\t\t<\/div>\n\t\t<div class=\"elementor-element elementor-element-d72986a e-flex e-con-boxed e-con e-parent\" data-id=\"d72986a\" data-element_type=\"container\" data-e-type=\"container\">\n\t\t\t\t\t<div class=\"e-con-inner\">\n\t\t\t\t<div class=\"elementor-element elementor-element-6d23559 elementor-position-left elementor-vertical-align-middle elementor-widget elementor-widget-image-box\" data-id=\"6d23559\" data-element_type=\"widget\" data-e-type=\"widget\" data-widget_type=\"image-box.default\">\n\t\t\t\t\t<div class=\"elementor-image-box-wrapper\"><figure class=\"elementor-image-box-img\"><a href=\"https:\/\/www.visitoostende.be\/nl\/agenda\" tabindex=\"-1\"><img loading=\"lazy\" decoding=\"async\" width=\"300\" height=\"205\" src=\"https:\/\/camping-astrid.be\/wp-content\/uploads\/2025\/12\/Oostende-opt.jpg\" class=\"attachment-medium_large size-medium_large wp-image-3360\" alt=\"\" \/><\/a><\/figure><div class=\"elementor-image-box-content\"><h3 class=\"elementor-image-box-title\"><a href=\"https:\/\/www.visitoostende.be\/nl\/agenda\">Stadt Ostende<\/a><\/h3><p class=\"elementor-image-box-description\">Die K\u00f6nigin der Seeb\u00e4der ist mit ihren 69.000 Einwohnern eines der wichtigsten touristischen Zentren an der belgischen K\u00fcste. Mit kulturellen Veranstaltungen wie Theater aan Zee, den Paulusfeesten, Sfeer in \u2019t Park und Halloween ist sie zu einem internationalen Anziehungspunkt geworden. \n<br><br>Ostende ist auch ein Einkaufszentrum. Die Kapellestraat ist die wichtigste Einkaufsstra\u00dfe der Stadt. Weiterhin k\u00f6nnen Sie architektonische Juwelen wie das Kursaal, den Leopoldpark, die Wellingtonrenbaan bewundern oder Ihr Gl\u00fcck im Casino versuchen.  \n<br><br><strong>\n   <a href=\"https:\/\/www.dekust.be\/\" style=\"text-decoration: underline;color: #444444\">\n Toerisme Oostende\n  <\/a>\n - Monacoplein 2 - 8400 Oostende\n<\/strong><\/p><\/div><\/div>\t\t\t\t<\/div>\n\t\t\t\t\t<\/div>\n\t\t\t\t<\/div>\n\t\t<div class=\"elementor-element elementor-element-8501e30 e-flex e-con-boxed e-con e-parent\" data-id=\"8501e30\" data-element_type=\"container\" data-e-type=\"container\">\n\t\t\t\t\t<div class=\"e-con-inner\">\n\t\t\t\t<div class=\"elementor-element elementor-element-b6a46be elementor-position-left elementor-vertical-align-middle elementor-widget elementor-widget-image-box\" data-id=\"b6a46be\" data-element_type=\"widget\" data-e-type=\"widget\" data-widget_type=\"image-box.default\">\n\t\t\t\t\t<div class=\"elementor-image-box-wrapper\"><figure class=\"elementor-image-box-img\"><a href=\"https:\/\/www.visitbruges.be\/nl\" tabindex=\"-1\"><img loading=\"lazy\" decoding=\"async\" width=\"300\" height=\"205\" src=\"https:\/\/camping-astrid.be\/wp-content\/uploads\/2025\/12\/Stad-Brugge-Logo-Vector.svg-.jpg\" class=\"attachment-medium_large size-medium_large wp-image-3361\" alt=\"\" \/><\/a><\/figure><div class=\"elementor-image-box-content\"><h3 class=\"elementor-image-box-title\"><a href=\"https:\/\/www.visitbruges.be\/nl\">Stadt Br\u00fcgge<\/a><\/h3><p class=\"elementor-image-box-description\">Br\u00fcgge ist eine mittelalterliche Stadt, die fast vollst\u00e4ndig intakt geblieben ist: gewundene Grachten, Kopfsteinpflasterstra\u00dfen, Pl\u00e4tze mit Treppengiebeln und nat\u00fcrlich der Belfried, der hoch \u00fcber allem thront. Die historische Innenstadt steht nicht umsonst auf der UNESCO-Welterbeliste. \n<br><br>Br\u00fcgge ist eine mittelalterliche Stadt, die fast vollst\u00e4ndig intakt geblieben ist: gewundene Grachten, Kopfsteinpflasterstra\u00dfen, Pl\u00e4tze mit Treppengiebeln und nat\u00fcrlich der Belfried, der hoch \u00fcber allem thront. Die historische Innenstadt steht nicht umsonst auf der UNESCO-Welterbeliste. \n<br><br>Br\u00fcgge ist eine mittelalterliche Stadt, die fast vollst\u00e4ndig intakt geblieben ist: gewundene Grachten, Kopfsteinpflasterstra\u00dfen, Pl\u00e4tze mit Treppengiebeln und nat\u00fcrlich der Belfried, der hoch \u00fcber allem thront. Die historische Innenstadt steht nicht umsonst auf der UNESCO-Welterbeliste. \n<br><br><strong>\n   <a href=\"https:\/\/www.visitbruges.be\/nl\" style=\"text-decoration: underline;color: #444444\">\n Stad Brugge\n  <\/a>\n - Markt 1 - 8000 Brugge\n<\/strong><\/p><\/div><\/div>\t\t\t\t<\/div>\n\t\t\t\t\t<\/div>\n\t\t\t\t<\/div>\n\t\t\t\t<\/div>\n\t\t","protected":false},"excerpt":{"rendered":"<p>Umgebung In der Umgebung finden Sie zahlreiche Freizeitm\u00f6glichkeiten: die sch\u00f6nsten D\u00fcnen der belgischen K\u00fcste, viele Gesch\u00e4fte und einen Wochenmarkt. Eine Haltestelle der \u00f6ffentlichen Verkehrsmittel ist zu Fu\u00df erreichbar und bringt [&hellip;]<\/p>\n","protected":false},"author":1,"featured_media":0,"parent":0,"menu_order":42,"comment_status":"closed","ping_status":"closed","template":"","meta":{"footnotes":""},"class_list":["post-3350","page","type-page","status-publish","hentry"],"_links":{"self":[{"href":"https:\/\/camping-astrid.be\/de\/wp-json\/wp\/v2\/pages\/3350","targetHints":{"allow":["GET"]}}],"collection":[{"href":"https:\/\/camping-astrid.be\/de\/wp-json\/wp\/v2\/pages"}],"about":[{"href":"https:\/\/camping-astrid.be\/de\/wp-json\/wp\/v2\/types\/page"}],"author":[{"embeddable":true,"href":"https:\/\/camping-astrid.be\/de\/wp-json\/wp\/v2\/users\/1"}],"replies":[{"embeddable":true,"href":"https:\/\/camping-astrid.be\/de\/wp-json\/wp\/v2\/comments?post=3350"}],"version-history":[{"count":1,"href":"https:\/\/camping-astrid.be\/de\/wp-json\/wp\/v2\/pages\/3350\/revisions"}],"predecessor-version":[{"id":3363,"href":"https:\/\/camping-astrid.be\/de\/wp-json\/wp\/v2\/pages\/3350\/revisions\/3363"}],"wp:attachment":[{"href":"https:\/\/camping-astrid.be\/de\/wp-json\/wp\/v2\/media?parent=3350"}],"curies":[{"name":"wp","href":"https:\/\/api.w.org\/{rel}","templated":true}]}}