{"id":3033,"date":"2025-11-30T14:47:06","date_gmt":"2025-11-30T13:47:06","guid":{"rendered":"https:\/\/camping-astrid.be\/alentours\/"},"modified":"2026-01-15T10:40:36","modified_gmt":"2026-01-15T09:40:36","slug":"alentours","status":"publish","type":"page","link":"https:\/\/camping-astrid.be\/fr\/alentours\/","title":{"rendered":"Alentours"},"content":{"rendered":"\t\t<div data-elementor-type=\"wp-page\" data-elementor-id=\"3033\" class=\"elementor elementor-3033 elementor-1869\" data-elementor-post-type=\"page\">\n\t\t\t\t<div class=\"elementor-element elementor-element-3a2b392 e-flex e-con-boxed e-con e-parent\" data-id=\"3a2b392\" data-element_type=\"container\" data-e-type=\"container\">\n\t\t\t\t\t<div class=\"e-con-inner\">\n\t\t<div class=\"elementor-element elementor-element-f8fd1dd e-con-full e-flex e-con e-child\" data-id=\"f8fd1dd\" data-element_type=\"container\" data-e-type=\"container\" data-settings=\"{&quot;background_background&quot;:&quot;classic&quot;}\">\n\t\t<div class=\"elementor-element elementor-element-3215c9c animated-fast e-con-full e-flex elementor-invisible e-con e-child\" data-id=\"3215c9c\" data-element_type=\"container\" data-e-type=\"container\" data-settings=\"{&quot;animation&quot;:&quot;fadeIn&quot;,&quot;animation_delay&quot;:500}\">\n\t\t\t\t<div class=\"elementor-element elementor-element-6cedb71 elementor-widget elementor-widget-heading\" data-id=\"6cedb71\" data-element_type=\"widget\" data-e-type=\"widget\" data-widget_type=\"heading.default\">\n\t\t\t\t\t<h2 class=\"elementor-heading-title elementor-size-default\">Alentours<\/h2>\t\t\t\t<\/div>\n\t\t\t\t<\/div>\n\t\t\t\t<\/div>\n\t\t\t\t\t<\/div>\n\t\t\t\t<\/div>\n\t\t<div class=\"elementor-element elementor-element-1dad69c e-flex e-con-boxed e-con e-parent\" data-id=\"1dad69c\" data-element_type=\"container\" data-e-type=\"container\" data-settings=\"{&quot;background_background&quot;:&quot;classic&quot;}\">\n\t\t\t\t\t<div class=\"e-con-inner\">\n\t\t<div class=\"elementor-element elementor-element-ffb95ac animated-fast e-con-full e-flex elementor-invisible e-con e-child\" data-id=\"ffb95ac\" data-element_type=\"container\" data-e-type=\"container\" data-settings=\"{&quot;animation&quot;:&quot;fadeIn&quot;,&quot;animation_delay&quot;:500}\">\n\t\t\t\t<div class=\"elementor-element elementor-element-d8d7cc3 elementor-widget elementor-widget-text-editor\" data-id=\"d8d7cc3\" data-element_type=\"widget\" data-e-type=\"widget\" data-widget_type=\"text-editor.default\">\n\t\t\t\t\t\t\t\t\t<p dir=\"auto\">Dans les environs, vous trouverez de nombreuses possibilit\u00e9s de loisirs&nbsp;: les plus belles dunes de la c\u00f4te belge, de nombreux magasins et un march\u00e9 hebdomadaire. Un arr\u00eat de transport en commun se trouve \u00e0 distance de marche et vous emm\u00e8ne partout. Bredene poss\u00e8de non seulement une magnifique plage, mais c\u2019est aussi le point de d\u00e9part id\u00e9al pour toutes vos excursions. Au Camping Astrid, vous ne vous ennuierez jamais, car pendant l\u2019\u00e9t\u00e9, nous organisons nous-m\u00eames de nombreuses activit\u00e9s pour les adultes, les enfants et les tout-petits.   <\/p>\t\t\t\t\t\t\t\t<\/div>\n\t\t\t\t<\/div>\n\t\t\t\t\t<\/div>\n\t\t\t\t<\/div>\n\t\t<div class=\"elementor-element elementor-element-a41a0ee e-flex e-con-boxed e-con e-parent\" data-id=\"a41a0ee\" data-element_type=\"container\" data-e-type=\"container\">\n\t\t\t\t\t<div class=\"e-con-inner\">\n\t\t\t\t<div class=\"elementor-element elementor-element-a4cd39e elementor-position-left elementor-vertical-align-middle elementor-widget elementor-widget-image-box\" data-id=\"a4cd39e\" data-element_type=\"widget\" data-e-type=\"widget\" data-widget_type=\"image-box.default\">\n\t\t\t\t\t<div class=\"elementor-image-box-wrapper\"><figure class=\"elementor-image-box-img\"><a href=\"https:\/\/www.bellewaerde.be\/nl\" tabindex=\"-1\"><img fetchpriority=\"high\" decoding=\"async\" width=\"300\" height=\"205\" src=\"https:\/\/camping-astrid.be\/wp-content\/uploads\/2025\/12\/bellewaerde_logo-300x205-1.png\" class=\"attachment-medium_large size-medium_large wp-image-3034\" alt=\"\" \/><\/a><\/figure><div class=\"elementor-image-box-content\"><h3 class=\"elementor-image-box-title\"><a href=\"https:\/\/www.bellewaerde.be\/nl\">Parc Bellewaerde<\/a><\/h3><p class=\"elementor-image-box-description\">Le parc Bellewaerde \u00e0 Ypres est, depuis plus de 50&nbsp;ans, une valeur s\u00fbre en Belgique pour une journ\u00e9e inoubliable en famille. Jeunes et moins jeunes peuvent se d\u00e9fouler sur les nombreuses attractions que le parc familial a \u00e0 offrir&nbsp;: des animaux exotiques \u00e0 couper le souffle aux montagnes russes et aux pistes en eaux vives. \n<br><br>Le parc investit chaque ann\u00e9e dans des nouveaut\u00e9s et optimise constamment ses installations. Un public international trouve facilement son chemin vers ce parc d\u2019attractions, et ce, pour une bonne raison. Vous pouvez y passer une journ\u00e9e en famille, mais aussi une sortie d\u2019entreprise avec des coll\u00e8gues.  \n<br><br><strong>\n   <a href=\"https:\/\/www.bellewaerde.be\/nl\" style=\"text-decoration: underline;color: #444444\">\n Parc Bellewaerde\n  <\/a>\n - Meenseweg 497 - 8902 Ypres\n<\/strong><\/p><\/div><\/div>\t\t\t\t<\/div>\n\t\t\t\t\t<\/div>\n\t\t\t\t<\/div>\n\t\t<div class=\"elementor-element elementor-element-c153940 e-flex e-con-boxed e-con e-parent\" data-id=\"c153940\" data-element_type=\"container\" data-e-type=\"container\">\n\t\t\t\t\t<div class=\"e-con-inner\">\n\t\t\t\t<div class=\"elementor-element elementor-element-59df2b3 elementor-position-left elementor-vertical-align-middle elementor-widget elementor-widget-image-box\" data-id=\"59df2b3\" data-element_type=\"widget\" data-e-type=\"widget\" data-widget_type=\"image-box.default\">\n\t\t\t\t\t<div class=\"elementor-image-box-wrapper\"><figure class=\"elementor-image-box-img\"><a href=\"https:\/\/www.boudewijnseapark.be\/\" tabindex=\"-1\"><img decoding=\"async\" width=\"300\" height=\"205\" src=\"https:\/\/camping-astrid.be\/wp-content\/uploads\/2025\/12\/boudewijn-seapark-logo.jpg\" class=\"attachment-medium_large size-medium_large wp-image-3037\" alt=\"\" \/><\/a><\/figure><div class=\"elementor-image-box-content\"><h3 class=\"elementor-image-box-title\"><a href=\"https:\/\/www.boudewijnseapark.be\/\">Boudewijn Seapark<\/a><\/h3><p class=\"elementor-image-box-description\">Des dauphins, des phoques, des lions de mer ou des rapaces. Vous trouverez tout cela au Boudewijn Seapark. Admirez ces magnifiques animaux dans l\u2019un des nombreux spectacles que vous pouvez visiter quotidiennement.  \n<br><br>\nLe Boudewijn Seapark est situ\u00e9 \u00e0 un peu moins de 2&nbsp;kilom\u00e8tres de la gare de Bruges. Le parc est \u00e9galement facilement accessible en v\u00e9lo ou en voiture. Un grand parking \u00e0 v\u00e9los est pr\u00e9vu \u00e0 l\u2019entr\u00e9e. Les automobilistes peuvent garer leur voiture sur un parking asphalt\u00e9.   \n<br><br><strong>\n   <a href=\"https:\/\/www.boudewijnseapark.be\/\" style=\"text-decoration: underline;color: #444444\">\n Boudewijn Seapark Bruges\n  <\/a>\n - Alphonse de Baeckestraat 12 - 8200 Sint-Michiels\n<\/strong><\/p><\/div><\/div>\t\t\t\t<\/div>\n\t\t\t\t\t<\/div>\n\t\t\t\t<\/div>\n\t\t<div class=\"elementor-element elementor-element-86b4117 e-flex e-con-boxed e-con e-parent\" data-id=\"86b4117\" data-element_type=\"container\" data-e-type=\"container\">\n\t\t\t\t\t<div class=\"e-con-inner\">\n\t\t\t\t<div class=\"elementor-element elementor-element-91b239c elementor-position-left elementor-vertical-align-middle elementor-widget elementor-widget-image-box\" data-id=\"91b239c\" data-element_type=\"widget\" data-e-type=\"widget\" data-widget_type=\"image-box.default\">\n\t\t\t\t\t<div class=\"elementor-image-box-wrapper\"><figure class=\"elementor-image-box-img\"><a href=\"https:\/\/www.plopsa.com\/nl\/plopsaland-belgium\" tabindex=\"-1\"><img decoding=\"async\" width=\"300\" height=\"205\" src=\"https:\/\/camping-astrid.be\/wp-content\/uploads\/2025\/12\/plopsaland.jpg\" class=\"attachment-medium_large size-medium_large wp-image-3045\" alt=\"\" \/><\/a><\/figure><div class=\"elementor-image-box-content\"><h3 class=\"elementor-image-box-title\"><a href=\"https:\/\/www.plopsa.com\/nl\/plopsaland-belgium\">Plopsaland<\/a><\/h3><p class=\"elementor-image-box-description\">Les enfants passeront une journ\u00e9e inoubliable \u00e0 Plopsaland&nbsp;: le port d\u2019attache de Samson &amp; Gert, Piet Piraat et Mega Mindy. Les plus petits peuvent se d\u00e9fouler sur les nombreuses attractions ou rire aux \u00e9clats pendant l\u2019un des nombreux spectacles qui sont donn\u00e9s quotidiennement. \n<br><br>Plopsaland est facilement accessible aux utilisateurs de fauteuils roulants. Des am\u00e9nagements sp\u00e9ciaux sont pr\u00e9vus pour eux. Des fauteuils roulants sont mis gratuitement \u00e0 disposition \u00e0 l\u2019accueil, sous r\u00e9serve de r\u00e9servation pr\u00e9alable. Une zone de pique-nique couverte est pr\u00e9vue pr\u00e8s de la gare centrale. Des casiers gratuits pour les groupes y sont \u00e9galement disponibles. La r\u00e9ception (accueil) se fera un plaisir de vous aider.     \n<br><br><strong>\n   <a href=\"https:\/\/www.visitbruges.be\/nl\/\" style=\"text-decoration: underline;color: #444444\">\n Plopsaland\n  <\/a>\n - De Pannelaan 68 - 8660 De Panne (Adinkerke)\n<\/strong><\/p><\/div><\/div>\t\t\t\t<\/div>\n\t\t\t\t\t<\/div>\n\t\t\t\t<\/div>\n\t\t<div class=\"elementor-element elementor-element-ea25e39 e-flex e-con-boxed e-con e-parent\" data-id=\"ea25e39\" data-element_type=\"container\" data-e-type=\"container\">\n\t\t\t\t\t<div class=\"e-con-inner\">\n\t\t\t\t<div class=\"elementor-element elementor-element-1e14952 elementor-position-left elementor-vertical-align-middle elementor-widget elementor-widget-image-box\" data-id=\"1e14952\" data-element_type=\"widget\" data-e-type=\"widget\" data-widget_type=\"image-box.default\">\n\t\t\t\t\t<div class=\"elementor-image-box-wrapper\"><figure class=\"elementor-image-box-img\"><a href=\"https:\/\/www.seafront.be\/\" tabindex=\"-1\"><img loading=\"lazy\" decoding=\"async\" width=\"300\" height=\"205\" src=\"https:\/\/camping-astrid.be\/wp-content\/uploads\/2025\/12\/seafront-opt.jpg\" class=\"attachment-medium_large size-medium_large wp-image-3038\" alt=\"\" \/><\/a><\/figure><div class=\"elementor-image-box-content\"><h3 class=\"elementor-image-box-title\"><a href=\"https:\/\/www.seafront.be\/\">Seafront<\/a><\/h3><p class=\"elementor-image-box-description\">Bien que la cri\u00e9e ait d\u00e9m\u00e9nag\u00e9 depuis une bonne d\u00e9cennie dans un tout nouveau complexe dans l\u2019arri\u00e8re-port, laissant ainsi la place au parc th\u00e9matique maritime Seafront, l\u2019atmosph\u00e8re populaire autour de cet ancien bassin de p\u00eacheurs reste intacte. Aujourd\u2019hui, les bateaux de p\u00eache et les yachts brillants sont amarr\u00e9s au m\u00eame quai. \n<br><br>Dans l\u2019immense b\u00e2timent de l\u2019ancienne cri\u00e9e, vous d\u00e9couvrirez les secrets de la mer et go\u00fbterez \u00e0 la riche histoire de la p\u00eache. Vous embarquerez pour une mission secr\u00e8te \u00e0 bord d\u2019un v\u00e9ritable sous-marin russe et vous vous tiendrez \u00e0 la barre de l\u2019ancien bateau-phare West-Hinder. \n<br><br><strong>\n   <a href=\"https:\/\/www.seafront.be\/\/\" style=\"text-decoration: underline;color: #444444\">\n Seafront\n  <\/a>\n - Vismijnstraat 7 - 8380 Zeebrugge\n<\/strong><\/p><\/div><\/div>\t\t\t\t<\/div>\n\t\t\t\t\t<\/div>\n\t\t\t\t<\/div>\n\t\t<div class=\"elementor-element elementor-element-8a2ddd4 e-flex e-con-boxed e-con e-parent\" data-id=\"8a2ddd4\" data-element_type=\"container\" data-e-type=\"container\">\n\t\t\t\t\t<div class=\"e-con-inner\">\n\t\t\t\t<div class=\"elementor-element elementor-element-1e2d778 elementor-position-left elementor-vertical-align-middle elementor-widget elementor-widget-image-box\" data-id=\"1e2d778\" data-element_type=\"widget\" data-e-type=\"widget\" data-widget_type=\"image-box.default\">\n\t\t\t\t\t<div class=\"elementor-image-box-wrapper\"><figure class=\"elementor-image-box-img\"><a href=\"https:\/\/www.visitsealife.com\/blankenberge\/\" tabindex=\"-1\"><img loading=\"lazy\" decoding=\"async\" width=\"300\" height=\"205\" src=\"https:\/\/camping-astrid.be\/wp-content\/uploads\/2025\/12\/Sealife-opt.jpg\" class=\"attachment-medium_large size-medium_large wp-image-3039\" alt=\"\" \/><\/a><\/figure><div class=\"elementor-image-box-content\"><h3 class=\"elementor-image-box-title\"><a href=\"https:\/\/www.visitsealife.com\/blankenberge\/\">Sealife Blankenberge<\/a><\/h3><p class=\"elementor-image-box-description\">Plus de 50&nbsp;aquariums pr\u00e9sentent le monde sous-marin myst\u00e9rieux&nbsp;: des requins spectaculaires dans le tunnel aux requins, des piranhas notoires, le programme national d\u2019\u00e9levage d\u2019hippocampes \u00e0 une magnifique tortue de mer, unique en Belgique&nbsp;!\nVous vous retrouvez nez \u00e0 nez avec les plus grands crabes araign\u00e9es du monde et, dans le bassin tactile interactif, vous pouvez m\u00eame toucher les animaux.\n<br><br>Dans le grand espace ext\u00e9rieur, vous ferez \u00e9galement connaissance avec des manchots de Humboldt loufoques, des loutres enjou\u00e9es et d\u2019imposants lions de mer. Vous pouvez \u00e9galement y retrouver nos phoques et nos lions de mer. Avec plus de 2&nbsp;500&nbsp;animaux, SEA&nbsp;LIFE offre un magnifique \u00e9chantillon des 7&nbsp;mers du monde.  \n<br><br><strong>\n   <a href=\"https:\/\/www.visitsealife.com\/blankenberge\/\" style=\"text-decoration: underline;color: #444444\">\n Sealife\n  <\/a>\n - Koning Albert I laan 116 - 8370 Blankenberge\n<\/strong><\/p><\/div><\/div>\t\t\t\t<\/div>\n\t\t\t\t\t<\/div>\n\t\t\t\t<\/div>\n\t\t<div class=\"elementor-element elementor-element-1026af8 e-flex e-con-boxed e-con e-parent\" data-id=\"1026af8\" data-element_type=\"container\" data-e-type=\"container\">\n\t\t\t\t\t<div class=\"e-con-inner\">\n\t\t\t\t<div class=\"elementor-element elementor-element-ccbde77 elementor-position-left elementor-vertical-align-middle elementor-widget elementor-widget-image-box\" data-id=\"ccbde77\" data-element_type=\"widget\" data-e-type=\"widget\" data-widget_type=\"image-box.default\">\n\t\t\t\t\t<div class=\"elementor-image-box-wrapper\"><figure class=\"elementor-image-box-img\"><a href=\"https:\/\/www.raversyde.be\/nl\" tabindex=\"-1\"><img loading=\"lazy\" decoding=\"async\" width=\"300\" height=\"205\" src=\"https:\/\/camping-astrid.be\/wp-content\/uploads\/2025\/12\/atlantikwall-opt.jpg\" class=\"attachment-medium_large size-medium_large wp-image-3040\" alt=\"\" \/><\/a><\/figure><div class=\"elementor-image-box-content\"><h3 class=\"elementor-image-box-title\"><a href=\"https:\/\/www.raversyde.be\/nl\">Atlantikwall Raversyde<\/a><\/h3><p class=\"elementor-image-box-description\">Le domaine provincial de Raversijde a \u00e9t\u00e9 lanc\u00e9 en 1988 et continue d\u2019\u00eatre d\u00e9velopp\u00e9.\nLe c\u0153ur est form\u00e9 par l\u2019ancien domaine royal de L\u00e9opold&nbsp;II, qui a acquis un certain nombre de terrains \u00e0 Raversijde \u00e0 partir de 1902 et y a fait construire un s\u00e9jour en bois. Ce \u00ab&nbsp;Chalet norv\u00e9gien&nbsp;\u00bb a \u00e9t\u00e9 construit en 1904, mais a d\u00e9j\u00e0 disparu en 1914 lorsque les Allemands ont transform\u00e9 le domaine en une fortification c\u00f4ti\u00e8re.  \n<br><br>Pendant la Seconde Guerre mondiale \u00e9galement, le domaine a \u00e9t\u00e9 int\u00e9gr\u00e9 au c\u00e9l\u00e8bre \u00ab&nbsp;Atlantikwall&nbsp;\u00bb. Ces \u00e9v\u00e9nements ont laiss\u00e9 de profondes traces sur place. Apr\u00e8s la R\u00e9gence, le prince Charles s\u2019est d\u00e9finitivement install\u00e9 \u00e0 Raversijde. En 1981, il a vendu son domaine \u00e0 l\u2019\u00c9tat belge. Gr\u00e2ce \u00e0 une collaboration exceptionnelle entre la Communaut\u00e9 flamande, la R\u00e9gie des B\u00e2timents et le Conseil provincial, l\u2019ancien domaine royal a \u00e9t\u00e9 restaur\u00e9 dans son \u00e9tat d\u2019origine, consid\u00e9rablement agrandi et ouvert au public.    \n<br><br><strong>\n   <a href=\"https:\/\/www.raversyde.be\/nl\/\" style=\"text-decoration: underline;color: #444444\">\n Atlantikwall Raversyde\n  <\/a>\n - Nieuwpoortsesteenweg 636 - 8400 Ostende\n<\/strong><\/p><\/div><\/div>\t\t\t\t<\/div>\n\t\t\t\t\t<\/div>\n\t\t\t\t<\/div>\n\t\t<div class=\"elementor-element elementor-element-971e517 e-flex e-con-boxed e-con e-parent\" data-id=\"971e517\" data-element_type=\"container\" data-e-type=\"container\">\n\t\t\t\t\t<div class=\"e-con-inner\">\n\t\t\t\t<div class=\"elementor-element elementor-element-7797d1a elementor-position-left elementor-vertical-align-middle elementor-widget elementor-widget-image-box\" data-id=\"7797d1a\" data-element_type=\"widget\" data-e-type=\"widget\" data-widget_type=\"image-box.default\">\n\t\t\t\t\t<div class=\"elementor-image-box-wrapper\"><figure class=\"elementor-image-box-img\"><a href=\"https:\/\/www.bredene.be\/\" tabindex=\"-1\"><img loading=\"lazy\" decoding=\"async\" width=\"300\" height=\"205\" src=\"https:\/\/camping-astrid.be\/wp-content\/uploads\/2025\/12\/bredenelogo-opt.jpg\" class=\"attachment-medium_large size-medium_large wp-image-3041\" alt=\"\" \/><\/a><\/figure><div class=\"elementor-image-box-content\"><h3 class=\"elementor-image-box-title\"><a href=\"https:\/\/www.bredene.be\/\">Commune de Bredene<\/a><\/h3><p class=\"elementor-image-box-description\">Que vous soyez \u00e0 la recherche de vacances inoubliables ou d\u2019un week-end au bord de la mer, vous trouverez certainement ce que vous voulez \u00e0 Bredene. Bredene est la seule commune c\u00f4ti\u00e8re o\u00f9 les dunes, sans \u00eatre d\u00e9rang\u00e9es par une digue, se fondent dans la plage de sable fin.  \n<br><br>En \u00e9t\u00e9, vous y appr\u00e9cierez la vie anim\u00e9e de la plage, mais m\u00eame en dehors de la saison, le jeu des mar\u00e9es attire de nombreuses personnes dans notre station baln\u00e9aire. Bredene est \u00e9galement la premi\u00e8re \u00e0 avoir une plage nudiste. La situation au pied d\u2019une r\u00e9serve de dunes prot\u00e9g\u00e9e garantit l\u2019intimit\u00e9, de sorte qu\u2019elle ne constitue pas non plus un obstacle pour ceux qui souhaitent se promener en v\u00eatements le long de la ligne de flottaison.  \n<br><br><strong>\n   <a href=\"https:\/\/www.bredene.be\/\" style=\"text-decoration: underline;color: #444444\">\n Commune de Bredene\n  <\/a>\n - Centrumplein 1 - 8450 Bredene\n<\/strong><\/p><\/div><\/div>\t\t\t\t<\/div>\n\t\t\t\t\t<\/div>\n\t\t\t\t<\/div>\n\t\t<div class=\"elementor-element elementor-element-7130bde e-flex e-con-boxed e-con e-parent\" data-id=\"7130bde\" data-element_type=\"container\" data-e-type=\"container\">\n\t\t\t\t\t<div class=\"e-con-inner\">\n\t\t\t\t<div class=\"elementor-element elementor-element-64634ba elementor-position-left elementor-vertical-align-middle elementor-widget elementor-widget-image-box\" data-id=\"64634ba\" data-element_type=\"widget\" data-e-type=\"widget\" data-widget_type=\"image-box.default\">\n\t\t\t\t\t<div class=\"elementor-image-box-wrapper\"><figure class=\"elementor-image-box-img\"><a href=\"https:\/\/www.dekust.be\/\" tabindex=\"-1\"><img loading=\"lazy\" decoding=\"async\" width=\"300\" height=\"205\" src=\"https:\/\/camping-astrid.be\/wp-content\/uploads\/2025\/12\/Logo_DeKust_Kleur_NL.jpg\" class=\"attachment-medium_large size-medium_large wp-image-3042\" alt=\"\" \/><\/a><\/figure><div class=\"elementor-image-box-content\"><h3 class=\"elementor-image-box-title\"><a href=\"https:\/\/www.dekust.be\/\">La C\u00f4te<\/a><\/h3><p class=\"elementor-image-box-description\">Se perdre dans le doux murmure des vagues, se r\u00e9veiller avec vue sur la mer et prendre son petit-d\u00e9jeuner les pieds dans le sable\u2026 Inestimable, mais pourtant pas cher&nbsp;! L\u2019air marin sal\u00e9 vous remettra compl\u00e8tement sur pied. 1001&nbsp;possibilit\u00e9s de se promener le long de la C\u00f4te&nbsp;! Pour les d\u00e9butants et les avanc\u00e9s. Entre De Panne et Knokke-Heist. Sur des chemins pav\u00e9s et non pav\u00e9s. Le long des ch\u00e2teaux de sable et des villas c\u00f4ti\u00e8res. Avec des chaussures de marche ou des tongs. En tant que randonn\u00e9e ou promenade. Avec des visages d\u2019hiver et des taches de rousseur d\u2019\u00e9t\u00e9. Il existe d\u2019innombrables curiosit\u00e9s \u00e0 Bredene, telles que des domaines de loisirs et des dunes herbeuses.          \n<br><br><strong>\n   <a href=\"https:\/\/www.dekust.be\/\" style=\"text-decoration: underline;color: #444444\">\n La C\u00f4te\n  <\/a>\n - Koning Albert I-laan 120 - 8200 Sint-Michiels (Bruges)\n<\/strong><\/p><\/div><\/div>\t\t\t\t<\/div>\n\t\t\t\t\t<\/div>\n\t\t\t\t<\/div>\n\t\t<div class=\"elementor-element elementor-element-d72986a e-flex e-con-boxed e-con e-parent\" data-id=\"d72986a\" data-element_type=\"container\" data-e-type=\"container\">\n\t\t\t\t\t<div class=\"e-con-inner\">\n\t\t\t\t<div class=\"elementor-element elementor-element-6d23559 elementor-position-left elementor-vertical-align-middle elementor-widget elementor-widget-image-box\" data-id=\"6d23559\" data-element_type=\"widget\" data-e-type=\"widget\" data-widget_type=\"image-box.default\">\n\t\t\t\t\t<div class=\"elementor-image-box-wrapper\"><figure class=\"elementor-image-box-img\"><a href=\"https:\/\/www.visitoostende.be\/nl\/agenda\" tabindex=\"-1\"><img loading=\"lazy\" decoding=\"async\" width=\"300\" height=\"205\" src=\"https:\/\/camping-astrid.be\/wp-content\/uploads\/2025\/12\/Oostende-opt.jpg\" class=\"attachment-medium_large size-medium_large wp-image-3043\" alt=\"\" \/><\/a><\/figure><div class=\"elementor-image-box-content\"><h3 class=\"elementor-image-box-title\"><a href=\"https:\/\/www.visitoostende.be\/nl\/agenda\">Ville d\u2019Ostende<\/a><\/h3><p class=\"elementor-image-box-description\">La Reine des stations baln\u00e9aires, avec ses 69&nbsp;000&nbsp;habitants, est l\u2019un des principaux centres touristiques de la c\u00f4te belge. Avec des \u00e9v\u00e9nements culturels tels que Theater aan Zee, les Paulusfeesten, Sfeer in&nbsp;\u2019t Park et Halloween, elle est devenue un lieu d\u2019attraction internationale. \n<br><br>Ostende est \u00e9galement un centre commercial. La Kapellestraat est l\u2019axe commercial le plus important de la ville. Vous pouvez \u00e9galement admirer des joyaux architecturaux tels que le Kursaal, le Leopoldpark, l\u2019hippodrome Wellington ou tenter votre chance au casino.  \n<br><br><strong>\n   <a href=\"https:\/\/www.dekust.be\/\" style=\"text-decoration: underline;color: #444444\">\n Tourisme Ostende\n  <\/a>\n - Monacoplein 2 - 8400 Ostende\n<\/strong><\/p><\/div><\/div>\t\t\t\t<\/div>\n\t\t\t\t\t<\/div>\n\t\t\t\t<\/div>\n\t\t<div class=\"elementor-element elementor-element-8501e30 e-flex e-con-boxed e-con e-parent\" data-id=\"8501e30\" data-element_type=\"container\" data-e-type=\"container\">\n\t\t\t\t\t<div class=\"e-con-inner\">\n\t\t\t\t<div class=\"elementor-element elementor-element-b6a46be elementor-position-left elementor-vertical-align-middle elementor-widget elementor-widget-image-box\" data-id=\"b6a46be\" data-element_type=\"widget\" data-e-type=\"widget\" data-widget_type=\"image-box.default\">\n\t\t\t\t\t<div class=\"elementor-image-box-wrapper\"><figure class=\"elementor-image-box-img\"><a href=\"https:\/\/www.visitbruges.be\/nl\" tabindex=\"-1\"><img loading=\"lazy\" decoding=\"async\" width=\"300\" height=\"205\" src=\"https:\/\/camping-astrid.be\/wp-content\/uploads\/2025\/12\/Stad-Brugge-Logo-Vector.svg-.jpg\" class=\"attachment-medium_large size-medium_large wp-image-3044\" alt=\"\" \/><\/a><\/figure><div class=\"elementor-image-box-content\"><h3 class=\"elementor-image-box-title\"><a href=\"https:\/\/www.visitbruges.be\/nl\">Ville de Bruges<\/a><\/h3><p class=\"elementor-image-box-description\">Bruges est une ville m\u00e9di\u00e9vale qui est rest\u00e9e presque enti\u00e8rement intacte&nbsp;: des canaux sinueux, des rues pav\u00e9es, des places avec des fa\u00e7ades \u00e0 pignons et, bien s\u00fbr, le beffroi qui domine tout. Le centre-ville historique est inscrit \u00e0 la liste du patrimoine mondial de l\u2019UNESCO, et ce n\u2019est pas pour rien. \n<br><br>Bruges est une ville m\u00e9di\u00e9vale qui est rest\u00e9e presque enti\u00e8rement intacte&nbsp;: des canaux sinueux, des rues pav\u00e9es, des places avec des fa\u00e7ades \u00e0 pignons et, bien s\u00fbr, le beffroi qui domine tout. Le centre-ville historique est inscrit \u00e0 la liste du patrimoine mondial de l\u2019UNESCO, et ce n\u2019est pas pour rien. \n<br><br>Bruges est une ville m\u00e9di\u00e9vale qui est rest\u00e9e presque enti\u00e8rement intacte&nbsp;: des canaux sinueux, des rues pav\u00e9es, des places avec des fa\u00e7ades \u00e0 pignons et, bien s\u00fbr, le beffroi qui domine tout. Le centre-ville historique est inscrit \u00e0 la liste du patrimoine mondial de l\u2019UNESCO, et ce n\u2019est pas pour rien. \n<br><br><strong>\n   <a href=\"https:\/\/www.visitbruges.be\/nl\" style=\"text-decoration: underline;color: #444444\">\n Ville de Bruges\n  <\/a>\n - Markt 1 - 8000 Bruges\n<\/strong><\/p><\/div><\/div>\t\t\t\t<\/div>\n\t\t\t\t\t<\/div>\n\t\t\t\t<\/div>\n\t\t\t\t<\/div>\n\t\t","protected":false},"excerpt":{"rendered":"<p>Alentours Dans les environs, vous trouverez de nombreuses possibilit\u00e9s de loisirs&nbsp;: les plus belles dunes de la c\u00f4te belge, de nombreux magasins et un march\u00e9 hebdomadaire. Un arr\u00eat de transport [&hellip;]<\/p>\n","protected":false},"author":1,"featured_media":0,"parent":0,"menu_order":42,"comment_status":"closed","ping_status":"closed","template":"","meta":{"footnotes":""},"class_list":["post-3033","page","type-page","status-publish","hentry"],"_links":{"self":[{"href":"https:\/\/camping-astrid.be\/fr\/wp-json\/wp\/v2\/pages\/3033","targetHints":{"allow":["GET"]}}],"collection":[{"href":"https:\/\/camping-astrid.be\/fr\/wp-json\/wp\/v2\/pages"}],"about":[{"href":"https:\/\/camping-astrid.be\/fr\/wp-json\/wp\/v2\/types\/page"}],"author":[{"embeddable":true,"href":"https:\/\/camping-astrid.be\/fr\/wp-json\/wp\/v2\/users\/1"}],"replies":[{"embeddable":true,"href":"https:\/\/camping-astrid.be\/fr\/wp-json\/wp\/v2\/comments?post=3033"}],"version-history":[{"count":1,"href":"https:\/\/camping-astrid.be\/fr\/wp-json\/wp\/v2\/pages\/3033\/revisions"}],"predecessor-version":[{"id":3046,"href":"https:\/\/camping-astrid.be\/fr\/wp-json\/wp\/v2\/pages\/3033\/revisions\/3046"}],"wp:attachment":[{"href":"https:\/\/camping-astrid.be\/fr\/wp-json\/wp\/v2\/media?parent=3033"}],"curies":[{"name":"wp","href":"https:\/\/api.w.org\/{rel}","templated":true}]}}