{"id":3404,"date":"2025-05-27T08:21:23","date_gmt":"2025-05-27T07:21:23","guid":{"rendered":"https:\/\/camping-astrid.be\/emplacements-de-camping\/"},"modified":"2026-02-04T12:35:41","modified_gmt":"2026-02-04T11:35:41","slug":"emplacements-de-camping","status":"publish","type":"page","link":"https:\/\/camping-astrid.be\/fr\/emplacements-de-camping\/","title":{"rendered":"Emplacements de camping"},"content":{"rendered":"\t\t<div data-elementor-type=\"wp-page\" data-elementor-id=\"3404\" class=\"elementor elementor-3404 elementor-454\" data-elementor-post-type=\"page\">\n\t\t\t\t<div class=\"elementor-element elementor-element-9de0b08 e-con-full e-flex e-con e-parent\" data-id=\"9de0b08\" data-element_type=\"container\" data-e-type=\"container\" data-settings=\"{&quot;background_background&quot;:&quot;classic&quot;}\">\n\t\t<div class=\"elementor-element elementor-element-8a88971 e-con-full e-flex e-con e-child\" data-id=\"8a88971\" data-element_type=\"container\" data-e-type=\"container\">\n\t\t<div class=\"elementor-element elementor-element-8b59fc3 e-con-full e-flex elementor-invisible e-con e-child\" data-id=\"8b59fc3\" data-element_type=\"container\" data-e-type=\"container\" data-settings=\"{&quot;animation&quot;:&quot;fadeIn&quot;,&quot;animation_delay&quot;:720}\">\n\t\t\t\t<div class=\"elementor-element elementor-element-7085d9b elementor-widget__width-initial elementor-widget elementor-widget-heading\" data-id=\"7085d9b\" data-element_type=\"widget\" data-e-type=\"widget\" data-settings=\"{&quot;_animation&quot;:&quot;none&quot;}\" data-widget_type=\"heading.default\">\n\t\t\t\t\t<h2 class=\"elementor-heading-title elementor-size-default\">Emplacements spacieux pour des vacances r\u00e9ussies<\/h2>\t\t\t\t<\/div>\n\t\t\t\t<div class=\"elementor-element elementor-element-c65e2bf elementor-hidden-mobile elementor-widget elementor-widget-button\" data-id=\"c65e2bf\" data-element_type=\"widget\" data-e-type=\"widget\" data-widget_type=\"button.default\">\n\t\t\t\t\t\t\t\t\t\t<a class=\"elementor-button elementor-button-link elementor-size-sm\" href=\"#inhoud\">\n\t\t\t\t\t\t<span class=\"elementor-button-content-wrapper\">\n\t\t\t\t\t\t<span class=\"elementor-button-icon\">\n\t\t\t\t<i aria-hidden=\"true\" class=\"mdi mdi-arrow-top-right\"><\/i>\t\t\t<\/span>\n\t\t\t\t\t\t\t\t\t<span class=\"elementor-button-text\">D\u00e9couvrir plus<\/span>\n\t\t\t\t\t<\/span>\n\t\t\t\t\t<\/a>\n\t\t\t\t\t\t\t\t<\/div>\n\t\t\t\t<\/div>\n\t\t\t\t<\/div>\n\t\t\t\t<\/div>\n\t\t<div class=\"elementor-element elementor-element-1be5ccd1 elementor-hidden-mobile e-flex e-con-boxed e-con e-parent\" data-id=\"1be5ccd1\" data-element_type=\"container\" data-e-type=\"container\">\n\t\t\t\t\t<div class=\"e-con-inner\">\n\t\t\t\t<div class=\"elementor-element elementor-element-6b4ef36b elementor-widget elementor-widget-html\" data-id=\"6b4ef36b\" data-element_type=\"widget\" data-e-type=\"widget\" data-widget_type=\"html.default\">\n\t\t\t\t\t<a href=\"#inhoud\" class=\"bouncing-arrow\">\n  <svg xmlns=\"http:\/\/www.w3.org\/2000\/svg\" width=\"48\" height=\"48\" viewbox=\"0 0 24 24\" fill=\"white\">\n    <path d=\"M12 16L6 10H18L12 16Z\"><\/path>\n  <\/svg>\n<\/a>\t\t\t\t<\/div>\n\t\t\t\t\t<\/div>\n\t\t\t\t<\/div>\n\t\t<div class=\"elementor-element elementor-element-034c27f e-flex e-con-boxed e-con e-parent\" data-id=\"034c27f\" data-element_type=\"container\" data-e-type=\"container\">\n\t\t\t\t\t<div class=\"e-con-inner\">\n\t\t\t\t<div class=\"elementor-element elementor-element-af65b0f elementor-widget elementor-widget-heading\" data-id=\"af65b0f\" data-element_type=\"widget\" data-e-type=\"widget\" data-widget_type=\"heading.default\">\n\t\t\t\t\t<h2 class=\"elementor-heading-title elementor-size-default\">Emplacements de camping<\/h2>\t\t\t\t<\/div>\n\t\t\t\t\t<\/div>\n\t\t\t\t<\/div>\n\t\t<div class=\"elementor-element elementor-element-bf11fac e-flex e-con-boxed e-con e-parent\" data-id=\"bf11fac\" data-element_type=\"container\" data-e-type=\"container\">\n\t\t\t\t\t<div class=\"e-con-inner\">\n\t\t<div class=\"elementor-element elementor-element-d87016f e-con-full elementor-hidden-mobile e-flex e-con e-child\" data-id=\"d87016f\" data-element_type=\"container\" data-e-type=\"container\">\n\t\t\t\t<div class=\"elementor-element elementor-element-bcbdd15 elementor-widget elementor-widget-menu-anchor\" data-id=\"bcbdd15\" data-element_type=\"widget\" data-e-type=\"widget\" data-widget_type=\"menu-anchor.default\">\n\t\t\t\t\t\t\t<div class=\"elementor-menu-anchor\" id=\"contenu\"><\/div>\n\t\t\t\t\t\t<\/div>\n\t\t\t\t<\/div>\n\t\t<div class=\"elementor-element elementor-element-84b434a e-con-full e-flex e-con e-child\" data-id=\"84b434a\" data-element_type=\"container\" data-e-type=\"container\">\n\t\t\t\t<div class=\"elementor-element elementor-element-81dfaeb elementor-widget elementor-widget-text-editor\" data-id=\"81dfaeb\" data-element_type=\"widget\" data-e-type=\"widget\" data-settings=\"{&quot;_animation&quot;:&quot;none&quot;}\" data-widget_type=\"text-editor.default\">\n\t\t\t\t\t\t\t\t\t<p class=\"p1\"><span class=\"s1\"><b>Le Camping Astrid<\/b><\/span> est le camping familial id\u00e9al \u00e0 la c\u00f4te. \u00c0 seulement 100 m\u00e8tres de la plage, profitez de vacances sans soucis avec des emplacements spacieux, des mobil-homes confortables, des \u00e9quipements modernes et un programme d&rsquo;\u00e9t\u00e9 vari\u00e9. <\/p>\t\t\t\t\t\t\t\t<\/div>\n\t\t\t\t<\/div>\n\t\t\t\t\t<\/div>\n\t\t\t\t<\/div>\n\t\t<div class=\"elementor-element elementor-element-8171424 e-flex e-con-boxed e-con e-parent\" data-id=\"8171424\" data-element_type=\"container\" data-e-type=\"container\">\n\t\t\t\t\t<div class=\"e-con-inner\">\n\t\t<div class=\"elementor-element elementor-element-33e7af7 e-con-full e-flex e-con e-child\" data-id=\"33e7af7\" data-element_type=\"container\" data-e-type=\"container\">\n\t\t<div class=\"elementor-element elementor-element-7ff9c8a e-con-full e-flex e-con e-child\" data-id=\"7ff9c8a\" data-element_type=\"container\" data-e-type=\"container\">\n\t\t\t\t<div class=\"elementor-element elementor-element-f96a5e7 elementor-cta--layout-image-above elementor-cta--skin-classic elementor-animated-content elementor-bg-transform elementor-bg-transform-zoom-in elementor-widget elementor-widget-call-to-action\" data-id=\"f96a5e7\" data-element_type=\"widget\" data-e-type=\"widget\" data-widget_type=\"call-to-action.default\">\n\t\t\t\t\t\t\t<a class=\"elementor-cta\" href=\"https:\/\/camping-astrid.be\/fr\/reservation-en-ligne\/?tariffid=21\">\n\t\t\t\t\t<div class=\"elementor-cta__bg-wrapper\">\n\t\t\t\t<div class=\"elementor-cta__bg elementor-bg\" style=\"background-image: url(https:\/\/camping-astrid.be\/wp-content\/uploads\/2025\/05\/camping_astrid_bredene_comfort_6993.jpg);\" role=\"img\" aria-label=\"camping_astrid_bredene_comfort_6993\"><\/div>\n\t\t\t\t<div class=\"elementor-cta__bg-overlay\"><\/div>\n\t\t\t<\/div>\n\t\t\t\t\t\t\t<div class=\"elementor-cta__content\">\n\t\t\t\t\n\t\t\t\t\t\t\t\t\t<h2 class=\"elementor-cta__title elementor-cta__content-item elementor-content-item\">\n\t\t\t\t\t\tConfort\t\t\t\t\t<\/h2>\n\t\t\t\t\n\t\t\t\t\t\t\t\t\t<div class=\"elementor-cta__description elementor-cta__content-item elementor-content-item\">\n\t\t\t\t\t\tEmplacement de camping spacieux pour camping-car\/tente\/caravane avec \u00e9lectricit\u00e9. \t\t\t\t\t<\/div>\n\t\t\t\t\n\t\t\t\t\t\t\t\t\t<div class=\"elementor-cta__button-wrapper elementor-cta__content-item elementor-content-item \">\n\t\t\t\t\t<span class=\"elementor-cta__button elementor-button elementor-size-\">\n\t\t\t\t\t\tprix \u00e0 partir de 24,50 \u2794\t\t\t\t\t<\/span>\n\t\t\t\t\t<\/div>\n\t\t\t\t\t\t\t<\/div>\n\t\t\t\t\t\t<\/a>\n\t\t\t\t\t\t<\/div>\n\t\t\t\t<\/div>\n\t\t<div class=\"elementor-element elementor-element-3b6bb1d e-con-full e-flex e-con e-child\" data-id=\"3b6bb1d\" data-element_type=\"container\" data-e-type=\"container\">\n\t\t\t\t<div class=\"elementor-element elementor-element-ee47658 elementor-widget elementor-widget-text-editor\" data-id=\"ee47658\" data-element_type=\"widget\" data-e-type=\"widget\" data-widget_type=\"text-editor.default\">\n\t\t\t\t\t\t\t\t\t<h4 class=\"p1\"><b>Emplacements confort au Camping Astrid<\/b><b><\/b><\/h4><p class=\"p2\">Ces emplacements spacieux d&rsquo;environ <span class=\"s1\"><b>90 m\u00b2<\/b><\/span> offrent toutes les commodit\u00e9s n\u00e9cessaires pour un s\u00e9jour agr\u00e9able et d\u00e9tendu.<\/p><p class=\"p2\">Chaque emplacement dispose d&rsquo;un <span class=\"s1\"><b>raccordement \u00e9lectrique de 6 amp\u00e8res<\/b><\/span>, id\u00e9al pour recharger des appareils ou brancher un \u00e9clairage et de petits appareils \u00e9lectriques. Les emplacements Confort conviennent aux <span class=\"s1\"><b>tentes, caravanes et camping-cars<\/b><\/span>, et offrent suffisamment d&rsquo;espace pour un auvent, des tables, des chaises et m\u00eame un barbecue. <\/p><p class=\"p1\"><b>D\u00e9couvrez le vrai sentiment de camping avec juste ce petit plus de confort sur la c\u00f4te belge !<\/b><\/p>\t\t\t\t\t\t\t\t<\/div>\n\t\t\t\t<\/div>\n\t\t<div class=\"elementor-element elementor-element-2bddaf9 e-con-full e-flex e-con e-child\" data-id=\"2bddaf9\" data-element_type=\"container\" data-e-type=\"container\">\n\t\t\t\t<div class=\"elementor-element elementor-element-5c93e09 elementor-widget elementor-widget-heading\" data-id=\"5c93e09\" data-element_type=\"widget\" data-e-type=\"widget\" data-widget_type=\"heading.default\">\n\t\t\t\t\t<h2 class=\"elementor-heading-title elementor-size-default\">Bon \u00e0 savoir<\/h2>\t\t\t\t<\/div>\n\t\t\t\t<div class=\"elementor-element elementor-element-fe6a55d elementor-widget elementor-widget-text-editor\" data-id=\"fe6a55d\" data-element_type=\"widget\" data-e-type=\"widget\" data-widget_type=\"text-editor.default\">\n\t\t\t\t\t\t\t\t\t<ul><li>Arriv\u00e9e \u00e0 partir de 14h00<\/li><li>D\u00e9part avant 10h30<\/li><li>Les chiens sont autoris\u00e9s (max. 2)<\/li><li>Le prix par nuit comprend 2 personnes. Les personnes suppl\u00e9mentaires sont les bienvenues moyennant un suppl\u00e9ment  <\/li><\/ul>\t\t\t\t\t\t\t\t<\/div>\n\t\t\t\t<\/div>\n\t\t\t\t<\/div>\n\t\t<div class=\"elementor-element elementor-element-cc76e0f e-con-full e-flex e-con e-child\" data-id=\"cc76e0f\" data-element_type=\"container\" data-e-type=\"container\">\n\t\t<div class=\"elementor-element elementor-element-91b6913 e-con-full e-flex e-con e-child\" data-id=\"91b6913\" data-element_type=\"container\" data-e-type=\"container\">\n\t\t\t\t<div class=\"elementor-element elementor-element-47bff8f elementor-cta--layout-image-above elementor-cta--skin-classic elementor-animated-content elementor-bg-transform elementor-bg-transform-zoom-in elementor-widget elementor-widget-call-to-action\" data-id=\"47bff8f\" data-element_type=\"widget\" data-e-type=\"widget\" data-widget_type=\"call-to-action.default\">\n\t\t\t\t\t\t\t<a class=\"elementor-cta\" href=\"https:\/\/camping-astrid.be\/fr\/reservation-en-ligne\/?tariffid=18\">\n\t\t\t\t\t<div class=\"elementor-cta__bg-wrapper\">\n\t\t\t\t<div class=\"elementor-cta__bg elementor-bg\" style=\"background-image: url(https:\/\/camping-astrid.be\/wp-content\/uploads\/2026\/01\/IMG_5037-opti.jpg);\" role=\"img\" aria-label=\"IMG_5037-opti\"><\/div>\n\t\t\t\t<div class=\"elementor-cta__bg-overlay\"><\/div>\n\t\t\t<\/div>\n\t\t\t\t\t\t\t<div class=\"elementor-cta__content\">\n\t\t\t\t\n\t\t\t\t\t\t\t\t\t<h2 class=\"elementor-cta__title elementor-cta__content-item elementor-content-item\">\n\t\t\t\t\t\tConfort+\t\t\t\t\t<\/h2>\n\t\t\t\t\n\t\t\t\t\t\t\t\t\t<div class=\"elementor-cta__description elementor-cta__content-item elementor-content-item\">\n\t\t\t\t\t\tEmplacement de camping spacieux pour camping-car\/tente\/caravane avec eau et \u00e9lectricit\u00e9.\t\t\t\t\t<\/div>\n\t\t\t\t\n\t\t\t\t\t\t\t\t\t<div class=\"elementor-cta__button-wrapper elementor-cta__content-item elementor-content-item \">\n\t\t\t\t\t<span class=\"elementor-cta__button elementor-button elementor-size-\">\n\t\t\t\t\t\tprix \u00e0 partir de 25,50 \u2794\t\t\t\t\t<\/span>\n\t\t\t\t\t<\/div>\n\t\t\t\t\t\t\t<\/div>\n\t\t\t\t\t\t<\/a>\n\t\t\t\t\t\t<\/div>\n\t\t\t\t<\/div>\n\t\t<div class=\"elementor-element elementor-element-6ab93b9 e-con-full e-flex e-con e-child\" data-id=\"6ab93b9\" data-element_type=\"container\" data-e-type=\"container\">\n\t\t\t\t<div class=\"elementor-element elementor-element-ddd6e76 elementor-widget elementor-widget-text-editor\" data-id=\"ddd6e76\" data-element_type=\"widget\" data-e-type=\"widget\" data-widget_type=\"text-editor.default\">\n\t\t\t\t\t\t\t\t\t<h4 class=\"p1\"><b>Emplacements Confort+ au Camping Astrid<\/b><b><\/b><\/h4><p class=\"p3\">Pour ceux qui recherchent encore plus de confort et d&rsquo;espace, il y a nos <span class=\"s1\"><b>emplacements Confort+<\/b><\/span>. Ces emplacements extra spacieux d&rsquo;environ <span class=\"s1\"><b>100 m\u00b2<\/b><\/span> sont \u00e9quip\u00e9s de <span class=\"s1\"><b>10 amp\u00e8res d&rsquo;\u00e9lectricit\u00e9<\/b><\/span>, d&rsquo;un <span class=\"s1\"><b>raccordement \u00e0 l&rsquo;eau<\/b><\/span> et d&rsquo;une <span class=\"s1\"><b>\u00e9vacuation par emplacement<\/b><\/span> \u2013 id\u00e9al pour ceux qui veulent camper confortablement sans sacrifier la libert\u00e9. <\/p><p class=\"p3\">Que vous veniez avec une tente, une caravane ou un camping-car, vous b\u00e9n\u00e9ficiez de suffisamment d&rsquo;espace pour votre \u00e9quipement et des \u00e9quipements suppl\u00e9mentaires qui rendent votre s\u00e9jour un peu plus luxueux.<\/p><p class=\"p3\">Optez pour un <span class=\"s1\"><b>emplacement Confort+<\/b><\/span> et d\u00e9couvrez le camping en bord de mer avec le plus haut niveau de confort et de d\u00e9tente.<\/p>\t\t\t\t\t\t\t\t<\/div>\n\t\t\t\t<\/div>\n\t\t<div class=\"elementor-element elementor-element-3dea883 e-con-full e-flex e-con e-child\" data-id=\"3dea883\" data-element_type=\"container\" data-e-type=\"container\">\n\t\t\t\t<div class=\"elementor-element elementor-element-b4f971e elementor-widget elementor-widget-heading\" data-id=\"b4f971e\" data-element_type=\"widget\" data-e-type=\"widget\" data-widget_type=\"heading.default\">\n\t\t\t\t\t<h2 class=\"elementor-heading-title elementor-size-default\">Bon \u00e0 savoir<\/h2>\t\t\t\t<\/div>\n\t\t\t\t<div class=\"elementor-element elementor-element-2421327 elementor-widget elementor-widget-text-editor\" data-id=\"2421327\" data-element_type=\"widget\" data-e-type=\"widget\" data-widget_type=\"text-editor.default\">\n\t\t\t\t\t\t\t\t\t<ul><li>Arriv\u00e9e \u00e0 partir de 14h00<\/li><li>D\u00e9part avant 10h30<\/li><li>Les chiens sont autoris\u00e9s (max. 2)<\/li><li>Le prix par nuit comprend 2 personnes. Les personnes suppl\u00e9mentaires sont les bienvenues moyennant un suppl\u00e9ment  <\/li><\/ul>\t\t\t\t\t\t\t\t<\/div>\n\t\t\t\t<\/div>\n\t\t\t\t<\/div>\n\t\t\t\t\t<\/div>\n\t\t\t\t<\/div>\n\t\t\t\t<\/div>\n\t\t","protected":false},"excerpt":{"rendered":"<p>Emplacements spacieux pour des vacances r\u00e9ussies D\u00e9couvrir plus Emplacements de camping Le Camping Astrid est le camping familial id\u00e9al \u00e0 la c\u00f4te. \u00c0 seulement 100 m\u00e8tres de la plage, profitez [&hellip;]<\/p>\n","protected":false},"author":1,"featured_media":0,"parent":0,"menu_order":11,"comment_status":"closed","ping_status":"closed","template":"","meta":{"footnotes":""},"class_list":["post-3404","page","type-page","status-publish","hentry"],"_links":{"self":[{"href":"https:\/\/camping-astrid.be\/fr\/wp-json\/wp\/v2\/pages\/3404","targetHints":{"allow":["GET"]}}],"collection":[{"href":"https:\/\/camping-astrid.be\/fr\/wp-json\/wp\/v2\/pages"}],"about":[{"href":"https:\/\/camping-astrid.be\/fr\/wp-json\/wp\/v2\/types\/page"}],"author":[{"embeddable":true,"href":"https:\/\/camping-astrid.be\/fr\/wp-json\/wp\/v2\/users\/1"}],"replies":[{"embeddable":true,"href":"https:\/\/camping-astrid.be\/fr\/wp-json\/wp\/v2\/comments?post=3404"}],"version-history":[{"count":13,"href":"https:\/\/camping-astrid.be\/fr\/wp-json\/wp\/v2\/pages\/3404\/revisions"}],"predecessor-version":[{"id":4304,"href":"https:\/\/camping-astrid.be\/fr\/wp-json\/wp\/v2\/pages\/3404\/revisions\/4304"}],"wp:attachment":[{"href":"https:\/\/camping-astrid.be\/fr\/wp-json\/wp\/v2\/media?parent=3404"}],"curies":[{"name":"wp","href":"https:\/\/api.w.org\/{rel}","templated":true}]}}